{"id":1906,"date":"2018-05-25T06:48:42","date_gmt":"2018-05-25T04:48:42","guid":{"rendered":"https:\/\/www.iconografi.it\/?page_id=1906"},"modified":"2018-05-25T06:48:42","modified_gmt":"2018-05-25T04:48:42","slug":"privacy","status":"publish","type":"page","link":"https:\/\/www.iconografi.it\/?page_id=1906","title":{"rendered":"Privacy"},"content":{"rendered":"<p><span style=\"font-size: 8pt;\">INFORMATIVA SUL TRATTAMENTO DEI DATI PERSONALI AI SENSI DELL\u2019ART. 13 REGOLAMENTO EUROPEO 679\/2016<\/span><\/p>\n<p>&nbsp;<\/p>\n<p><span style=\"font-size: 8pt;\">I dati personali che sono stati conferiti sono trattati dal Titolare del trattamento sottoindicato, i cui contatti sono disponibili sul nostro sito all\u2019indirizzo www.iconografi.it . Gli \u00a0unici dati personali da noi acquisiti e trattati sono quelli spontaneamente conferiti: l\u2019indirizzo e-mail e, per coloro che li hanno comunicati, anche il numero di telefono o l\u2019indirizzo postale. Fonte dei dati sono gli utenti stessi che ne hanno fatto richiesta con diverse modalit\u00e0, tra le quali una richiesta all\u2019indirizzo mail iconografi@iconografi.it. Il trattamento di tali dati non necessita del consenso da parte dell&#8217;interessato, il quale pu\u00f2 peraltro richiedere e ottenere sempre la cancellazione del proprio account dalla mailing list, in quanto \u00e8 esclusivamente volto a fornire il richiesto servizio di invio delle informazioni sulle nostre attivit\u00e0.<\/span><\/p>\n<p><span style=\"font-size: 8pt;\">Il trattamento sar\u00e0 effettuato esclusivamente in modalit\u00e0 elettronica, all\u2019interno del territorio dell\u2019Unione Europea, adottando procedure e cautele in grado di garantire la sicurezza e la riservatezza dei dati acquisiti.<\/span><\/p>\n<p><span style=\"font-size: 8pt;\">I dati personali non potranno essere comunicati a terze parti se non previo consenso dell\u2019interessato.<\/span><\/p>\n<p>&nbsp;<\/p>\n<p><span style=\"font-size: 8pt;\">Durata<\/span><\/p>\n<p><span style=\"font-size: 8pt;\">La durata di conservazione dei dati \u00e8 fissata in 36 mesi, a decorrere dall\u2019ultima interazione rilevata attraverso i nostri sistemi informatici.<\/span><\/p>\n<p>&nbsp;<\/p>\n<p><span style=\"font-size: 8pt;\">Diritti<\/span><\/p>\n<p><span style=\"font-size: 8pt;\">L\u2019interessato ha il diritto di accedere ai propri dati personali, di chiederne la rettifica, l\u2019aggiornamento, la limitazione del trattamento, la portabilit\u00e0 o, ancora, la cancellazione, nonch\u00e9 di opporsi al loro trattamento per motivi legittimi. L\u2019interessato ha, inoltre, diritto di proporre reclamo al Garante per la protezione dei dati personali. Le richieste possono essere rivolte al sottoindicato Titolare del trattamento presso l\u2019indirizzo mail: iconografi@iconografi.it<\/span><\/p>\n<p><span style=\"font-size: 8pt;\">Annarosa Ambrosi<br \/>\n<\/span><span style=\"font-size: 8pt;\">P.I. 05004520283<\/span><\/p>\n<p><span style=\"font-size: 8pt;\"><a href=\"http:\/\/www.iconografi.it\">www.iconografi.it<\/a><\/span><\/p>\n<p>&nbsp;<\/p>\n","protected":false},"excerpt":{"rendered":"<p>INFORMATIVA SUL TRATTAMENTO DEI DATI PERSONALI AI SENSI DELL\u2019ART. 13 REGOLAMENTO EUROPEO 679\/2016 &nbsp; I dati personali che sono stati conferiti sono trattati dal Titolare del trattamento sottoindicato, i cui contatti sono disponibili sul nostro sito all\u2019indirizzo www.iconografi.it . Gli &hellip; <a href=\"https:\/\/www.iconografi.it\/?page_id=1906\">Continua a leggere<span class=\"meta-nav\">&rarr;<\/span><\/a><\/p>\n","protected":false},"author":2,"featured_media":0,"parent":0,"menu_order":0,"comment_status":"closed","ping_status":"closed","template":"","meta":{"footnotes":""},"class_list":["post-1906","page","type-page","status-publish","hentry"],"_links":{"self":[{"href":"https:\/\/www.iconografi.it\/index.php?rest_route=\/wp\/v2\/pages\/1906","targetHints":{"allow":["GET"]}}],"collection":[{"href":"https:\/\/www.iconografi.it\/index.php?rest_route=\/wp\/v2\/pages"}],"about":[{"href":"https:\/\/www.iconografi.it\/index.php?rest_route=\/wp\/v2\/types\/page"}],"author":[{"embeddable":true,"href":"https:\/\/www.iconografi.it\/index.php?rest_route=\/wp\/v2\/users\/2"}],"replies":[{"embeddable":true,"href":"https:\/\/www.iconografi.it\/index.php?rest_route=%2Fwp%2Fv2%2Fcomments&post=1906"}],"version-history":[{"count":1,"href":"https:\/\/www.iconografi.it\/index.php?rest_route=\/wp\/v2\/pages\/1906\/revisions"}],"predecessor-version":[{"id":1907,"href":"https:\/\/www.iconografi.it\/index.php?rest_route=\/wp\/v2\/pages\/1906\/revisions\/1907"}],"wp:attachment":[{"href":"https:\/\/www.iconografi.it\/index.php?rest_route=%2Fwp%2Fv2%2Fmedia&parent=1906"}],"curies":[{"name":"wp","href":"https:\/\/api.w.org\/{rel}","templated":true}]}}