{"id":101,"date":"2010-12-25T02:19:05","date_gmt":"2010-12-25T01:19:05","guid":{"rendered":"http:\/\/www.iconografi.it\/?page_id=101"},"modified":"2015-06-17T20:44:41","modified_gmt":"2015-06-17T18:44:41","slug":"il-centro-ecumenico-v-solov%e2%80%99ev","status":"publish","type":"page","link":"https:\/\/www.iconografi.it\/?page_id=101","title":{"rendered":"il centro Vladimir Solov\u2019ev"},"content":{"rendered":"<div>\n<p>perch\u00e9 Solov\u2019\u0451v<\/p>\n<p>&nbsp;<\/p>\n<h2>(informazioni sull&#8217;ex) centro culturale ecumenico\u00a0Vladimir Solov\u2019\u00ebv<\/h2>\n<p>Il grande pensatore russo V. Solov\u2019\u00ebv, cento anni fa, attribuiva alla Russia un ruolo fondamentale nel processo di unificazione dell\u2019unica Chiesa di Cristo, e nel dialogo con le altre religioni.<\/p>\n<\/div>\n<div id=\"attachment_298\" style=\"width: 286px\" class=\"wp-caption alignleft\"><a href=\"http:\/\/www.iconografi.it\/wordpress\/..\/public\/2001\/02\/Vl._S._Soloviev_photo.gif\"><img loading=\"lazy\" decoding=\"async\" aria-describedby=\"caption-attachment-298\" class=\"size-full wp-image-298\" title=\"Vl._S._Soloviev_photo\" src=\"http:\/\/www.iconografi.it\/wordpress\/..\/public\/2001\/02\/Vl._S._Soloviev_photo.gif\" alt=\"Vladimir S. Solov\u00ebv\" width=\"276\" height=\"307\" srcset=\"https:\/\/www.iconografi.it\/wordpress\/..\/public\/2001\/02\/Vl._S._Soloviev_photo.gif 276w, https:\/\/www.iconografi.it\/wordpress\/..\/public\/2001\/02\/Vl._S._Soloviev_photo-269x300.gif 269w\" sizes=\"auto, (max-width: 276px) 100vw, 276px\" \/><\/a><p id=\"caption-attachment-298\" class=\"wp-caption-text\">Vladimir S. Solov\u00ebv<\/p><\/div>\n<p>Egli sosteneva che un\u2019unica radice originaria, che \u00e8 la radice del genere umano, \u00e8 il fondamento di tutte le fedi, e chi dialoga e ricerca con verit\u00e0, si incontra nella verit\u00e0.<br \/>\nQuesto pensatore e profeta del dialogo ecumenico, ispiratore anche del pensiero del nostro attuale pontefice, \u00e8 il riferimento ideale del nostro Centro culturale ecumenico italo-russo, che pertanto si propone di far conoscere l\u2019anima religiosa russa, attraverso la sua cultura, la sua arte sacra, la sua spiritualit\u00e0 nella convinzione che esse abbiano qualcosa da dire al nostro cristianesimo occidentale.<\/p>\n<p>Il nostro Centro inoltre intraprende, coltiva e approfondisce rapporti ecumenici con Chiese d\u2019oriente, aiutando soprattutto le comunit\u00e0 cristiane della diaspora in Italia.<\/p>\n<p>Il Centro Solov\u2019\u00ebv \u00e8 stato fondato da\u00a0<a href=\"http:\/\/www.iconografi.it\/?p=218\" target=\"_self\">Padre Nilo Cadonna<\/a>.<\/p>\n<p>Tra le iniziative pi\u00f9 significative che sono state attuate finora:<\/p>\n<ul>\n<li>celebrazione della liturgia in rito bizantino-slavo (da ottobre a giugno la seconda domenica del mese presso la chiesa di San Massimo a Padova alle ore 11).<\/li>\n<li>corsi di lingua russa<\/li>\n<li>conferenze e incontri culturali<\/li>\n<li>corsi di iconografia, ed esecuzione di opere in collaborazione con affermati iconografi russi<\/li>\n<li>gemellaggi tra parrocchie diocesane e russe (ucraine)<\/li>\n<li>incontri di preghiera, riflessione, conoscenza e approfondimento in parrocchie o centri di spiritualit\u00e0 della diocesi.<\/li>\n<\/ul>\n<p>&nbsp;<\/p>\n","protected":false},"excerpt":{"rendered":"<p>perch\u00e9 Solov\u2019\u0451v &nbsp; (informazioni sull&#8217;ex) centro culturale ecumenico\u00a0Vladimir Solov\u2019\u00ebv Il grande pensatore russo V. Solov\u2019\u00ebv, cento anni fa, attribuiva alla Russia un ruolo fondamentale nel processo di unificazione dell\u2019unica Chiesa di Cristo, e nel dialogo con le altre religioni. Egli &hellip; <a href=\"https:\/\/www.iconografi.it\/?page_id=101\">Continua a leggere<span class=\"meta-nav\">&rarr;<\/span><\/a><\/p>\n","protected":false},"author":2,"featured_media":0,"parent":0,"menu_order":3,"comment_status":"closed","ping_status":"closed","template":"","meta":{"footnotes":""},"class_list":["post-101","page","type-page","status-publish","hentry"],"_links":{"self":[{"href":"https:\/\/www.iconografi.it\/index.php?rest_route=\/wp\/v2\/pages\/101","targetHints":{"allow":["GET"]}}],"collection":[{"href":"https:\/\/www.iconografi.it\/index.php?rest_route=\/wp\/v2\/pages"}],"about":[{"href":"https:\/\/www.iconografi.it\/index.php?rest_route=\/wp\/v2\/types\/page"}],"author":[{"embeddable":true,"href":"https:\/\/www.iconografi.it\/index.php?rest_route=\/wp\/v2\/users\/2"}],"replies":[{"embeddable":true,"href":"https:\/\/www.iconografi.it\/index.php?rest_route=%2Fwp%2Fv2%2Fcomments&post=101"}],"version-history":[{"count":25,"href":"https:\/\/www.iconografi.it\/index.php?rest_route=\/wp\/v2\/pages\/101\/revisions"}],"predecessor-version":[{"id":1522,"href":"https:\/\/www.iconografi.it\/index.php?rest_route=\/wp\/v2\/pages\/101\/revisions\/1522"}],"wp:attachment":[{"href":"https:\/\/www.iconografi.it\/index.php?rest_route=%2Fwp%2Fv2%2Fmedia&parent=101"}],"curies":[{"name":"wp","href":"https:\/\/api.w.org\/{rel}","templated":true}]}}